{"id":537,"date":"2021-12-16T15:01:20","date_gmt":"2021-12-16T14:01:20","guid":{"rendered":"https:\/\/www.mexot-projekt.de\/?page_id=537"},"modified":"2024-08-06T20:15:40","modified_gmt":"2024-08-06T18:15:40","slug":"publications","status":"publish","type":"page","link":"https:\/\/www.mexot-projekt.de\/?page_id=537&lang=en","title":{"rendered":"Publications"},"content":{"rendered":"\t\t<div data-elementor-type=\"wp-page\" data-elementor-id=\"537\" class=\"elementor elementor-537\" data-elementor-settings=\"[]\">\n\t\t\t\t\t\t\t<div class=\"elementor-section-wrap\">\n\t\t\t\t\t\t\t<section class=\"elementor-section elementor-top-section elementor-element elementor-element-7bbee91 elementor-section-boxed elementor-section-height-default elementor-section-height-default\" data-id=\"7bbee91\" data-element_type=\"section\">\n\t\t\t\t\t\t<div class=\"elementor-container elementor-column-gap-default\">\n\t\t\t\t\t<div class=\"elementor-column elementor-col-33 elementor-top-column elementor-element elementor-element-34de5b4\" data-id=\"34de5b4\" data-element_type=\"column\">\n\t\t\t<div class=\"elementor-widget-wrap elementor-element-populated\">\n\t\t\t\t\t\t\t\t<div class=\"elementor-element elementor-element-b8cc048 elementor-widget elementor-widget-text-editor\" data-id=\"b8cc048\" data-element_type=\"widget\" data-widget_type=\"text-editor.default\">\n\t\t\t\t<div class=\"elementor-widget-container\">\n\t\t\t<style>\/*! elementor - v3.5.0 - 12-12-2021 *\/\n.elementor-widget-text-editor.elementor-drop-cap-view-stacked .elementor-drop-cap{background-color:#818a91;color:#fff}.elementor-widget-text-editor.elementor-drop-cap-view-framed .elementor-drop-cap{color:#818a91;border:3px solid;background-color:transparent}.elementor-widget-text-editor:not(.elementor-drop-cap-view-default) .elementor-drop-cap{margin-top:8px}.elementor-widget-text-editor:not(.elementor-drop-cap-view-default) .elementor-drop-cap-letter{width:1em;height:1em}.elementor-widget-text-editor .elementor-drop-cap{float:left;text-align:center;line-height:1;font-size:50px}.elementor-widget-text-editor .elementor-drop-cap-letter{display:inline-block}<\/style>\t\t\t\t<ol><li style=\"text-align: center;\">\u00a0<\/li><\/ol>\t\t\t\t\t\t<\/div>\n\t\t\t\t<\/div>\n\t\t\t\t\t<\/div>\n\t\t<\/div>\n\t\t\t\t<div class=\"elementor-column elementor-col-66 elementor-top-column elementor-element elementor-element-0e78b38\" data-id=\"0e78b38\" data-element_type=\"column\">\n\t\t\t<div class=\"elementor-widget-wrap elementor-element-populated\">\n\t\t\t\t\t\t\t\t<div class=\"elementor-element elementor-element-91fcff6 elementor-widget elementor-widget-text-editor\" data-id=\"91fcff6\" data-element_type=\"widget\" data-widget_type=\"text-editor.default\">\n\t\t\t\t<div class=\"elementor-widget-container\">\n\t\t\t\t\t\t\t<p><span lang=\"de\"><span style=\"font-family: Times New Roman,serif; font-size: medium;\"><span style=\"font-size: 12pt;\">Petzoldt, C.; L\u00fctjen, M.; Panter, L.; Niermann, D.; Vur, B.; Quandt, M.; Rolfs, L.; Arango Castellanos, J.; Jathe, N.; Boger, D.; et al. Operator 5.0: Intelligente Arbeitsergonomie Im Automobilumschlag &#8211; Konzept Zur Mensch-Technik-Interaktion Mit Autonomen Transportsystemen Und Sensorischen Exoskeletten. <i>Zeitschrift f\u00fcr wirtschaftlichen Fabrikbetr.<\/i> <b>2022<\/b>, <i>117<\/i>, <a href=\"https:\/\/doi.org\/10.1515\/zwf-2022-1125\">https:\/\/doi.org\/10.1515\/zwf-2022-1125<\/a><br \/><\/span><\/span><\/span><\/p>\t\t\t\t\t\t<\/div>\n\t\t\t\t<\/div>\n\t\t\t\t\t<\/div>\n\t\t<\/div>\n\t\t\t\t\t\t\t<\/div>\n\t\t<\/section>\n\t\t\t\t<section class=\"elementor-section elementor-top-section elementor-element elementor-element-3e3f67d elementor-section-boxed elementor-section-height-default elementor-section-height-default\" data-id=\"3e3f67d\" data-element_type=\"section\">\n\t\t\t\t\t\t<div class=\"elementor-container elementor-column-gap-default\">\n\t\t\t\t\t<div class=\"elementor-column elementor-col-50 elementor-top-column elementor-element elementor-element-2ab6158\" data-id=\"2ab6158\" data-element_type=\"column\">\n\t\t\t<div class=\"elementor-widget-wrap elementor-element-populated\">\n\t\t\t\t\t\t\t\t<div class=\"elementor-element elementor-element-50ebb67 elementor-widget elementor-widget-text-editor\" data-id=\"50ebb67\" data-element_type=\"widget\" data-widget_type=\"text-editor.default\">\n\t\t\t\t<div class=\"elementor-widget-container\">\n\t\t\t\t\t\t\t<p>2.<\/p>\t\t\t\t\t\t<\/div>\n\t\t\t\t<\/div>\n\t\t\t\t\t<\/div>\n\t\t<\/div>\n\t\t\t\t<div class=\"elementor-column elementor-col-50 elementor-top-column elementor-element elementor-element-1a57c5d\" data-id=\"1a57c5d\" data-element_type=\"column\">\n\t\t\t<div class=\"elementor-widget-wrap elementor-element-populated\">\n\t\t\t\t\t\t\t\t<div class=\"elementor-element elementor-element-cafbea6 elementor-widget elementor-widget-text-editor\" data-id=\"cafbea6\" data-element_type=\"widget\" data-widget_type=\"text-editor.default\">\n\t\t\t\t<div class=\"elementor-widget-container\">\n\t\t\t\t\t\t\t<p><span class=\"ui-provider gs b c d e f g h i j k l m n o p q r s t u v w x y z ab ac ae af ag ah ai aj ak\" dir=\"ltr\">Niermann, D.; Petzoldt, C.; Freitag, M. (2023): Intuitive and Flexible Process Control for Autonomous Mobile Robots: A Case Study in a Large Logistics Enterprise. Pr\u00e4sentiert auf: 2023, Procedia CIRP, Elsevier.<\/span> https:\/\/doi.org\/10.1016\/j.procir.2023.08.028<\/p>\t\t\t\t\t\t<\/div>\n\t\t\t\t<\/div>\n\t\t\t\t\t<\/div>\n\t\t<\/div>\n\t\t\t\t\t\t\t<\/div>\n\t\t<\/section>\n\t\t\t\t<section class=\"elementor-section elementor-top-section elementor-element elementor-element-1143c79 elementor-section-boxed elementor-section-height-default elementor-section-height-default\" data-id=\"1143c79\" data-element_type=\"section\">\n\t\t\t\t\t\t<div class=\"elementor-container elementor-column-gap-default\">\n\t\t\t\t\t<div class=\"elementor-column elementor-col-50 elementor-top-column elementor-element elementor-element-a2aeb3f\" data-id=\"a2aeb3f\" data-element_type=\"column\">\n\t\t\t<div class=\"elementor-widget-wrap elementor-element-populated\">\n\t\t\t\t\t\t\t\t<div class=\"elementor-element elementor-element-69a1553 elementor-widget elementor-widget-text-editor\" data-id=\"69a1553\" data-element_type=\"widget\" data-widget_type=\"text-editor.default\">\n\t\t\t\t<div class=\"elementor-widget-container\">\n\t\t\t\t\t\t\t<p>3.<\/p>\t\t\t\t\t\t<\/div>\n\t\t\t\t<\/div>\n\t\t\t\t\t<\/div>\n\t\t<\/div>\n\t\t\t\t<div class=\"elementor-column elementor-col-50 elementor-top-column elementor-element elementor-element-82da2c6\" data-id=\"82da2c6\" data-element_type=\"column\">\n\t\t\t<div class=\"elementor-widget-wrap elementor-element-populated\">\n\t\t\t\t\t\t\t\t<div class=\"elementor-element elementor-element-2c5f976 elementor-widget elementor-widget-text-editor\" data-id=\"2c5f976\" data-element_type=\"widget\" data-widget_type=\"text-editor.default\">\n\t\t\t\t<div class=\"elementor-widget-container\">\n\t\t\t\t\t\t\t<p><span dir=\"ltr\">Jathe, N.; L\u00fctjen, M.; Petzoldt, C.; Boger, D.; Freitag, M. (2023): Intelligente Kontexterfassung im Automobilumschlag \u2013 Einsatz von Prozess- und Aktivit\u00e4tserkennung zur kontextabh\u00e4ngigen Mensch-Technik-Interaktion in (teil-)autonomen Arbeitsumgebungen. In: Zeitschrift f\u00fcr wirtschaftlichen Fabrikbetrieb, Walter de Gruyter GmbH.<\/span> <a href=\"https:\/\/doi.org\/10.1515\/zwf-2023-1085\" target=\"_blank\">https:\/\/doi.org\/10.1515\/zwf-2023-1085<\/a><\/p>\n        \n\n    \n\n                            \n                            \n                        \n                    \n\n                    \n                    <div>\n                        \n                        \n                        \n                                \n\n\n<\/div><div><div data-doi=\"10.1515\/zwf-2023-1085\" data-hide-zero-citations=\"true\" data-legend=\"never\" data-style=\"large_rectangle\"><\/div>\n                        \n\n\n\n                    <\/div>\t\t\t\t\t\t<\/div>\n\t\t\t\t<\/div>\n\t\t\t\t\t<\/div>\n\t\t<\/div>\n\t\t\t\t\t\t\t<\/div>\n\t\t<\/section>\n\t\t\t\t<section class=\"elementor-section elementor-top-section elementor-element elementor-element-3e52bb0 elementor-section-boxed elementor-section-height-default elementor-section-height-default\" data-id=\"3e52bb0\" data-element_type=\"section\">\n\t\t\t\t\t\t<div class=\"elementor-container elementor-column-gap-default\">\n\t\t\t\t\t<div class=\"elementor-column elementor-col-50 elementor-top-column elementor-element elementor-element-dfcad8a\" data-id=\"dfcad8a\" data-element_type=\"column\">\n\t\t\t<div class=\"elementor-widget-wrap elementor-element-populated\">\n\t\t\t\t\t\t\t\t<div class=\"elementor-element elementor-element-921a695 elementor-widget elementor-widget-text-editor\" data-id=\"921a695\" data-element_type=\"widget\" data-widget_type=\"text-editor.default\">\n\t\t\t\t<div class=\"elementor-widget-container\">\n\t\t\t\t\t\t\t<p>4.<\/p>\t\t\t\t\t\t<\/div>\n\t\t\t\t<\/div>\n\t\t\t\t\t<\/div>\n\t\t<\/div>\n\t\t\t\t<div class=\"elementor-column elementor-col-50 elementor-top-column elementor-element elementor-element-5af93b8\" data-id=\"5af93b8\" data-element_type=\"column\">\n\t\t\t<div class=\"elementor-widget-wrap elementor-element-populated\">\n\t\t\t\t\t\t\t\t<div class=\"elementor-element elementor-element-d45f392 elementor-widget elementor-widget-text-editor\" data-id=\"d45f392\" data-element_type=\"widget\" data-widget_type=\"text-editor.default\">\n\t\t\t\t<div class=\"elementor-widget-container\">\n\t\t\t\t\t\t\t<p>Vur, B.; Jathe, N.; Boger, D.; Petzoldt, C.; L\u00fctjen, M.; Freitag, M. (2024): A Portable Shop Floor Worker Localization System for Dynamic AGV Positioning in Indoor Warehouses. Pr\u00e4sentiert auf: 2024, Dynamics in Logistics (LDIC 2024). Springer, Cham. https:\/\/link.springer.com\/chapter\/10.1007\/978-3-031-56826-8_23<\/p>\t\t\t\t\t\t<\/div>\n\t\t\t\t<\/div>\n\t\t\t\t\t<\/div>\n\t\t<\/div>\n\t\t\t\t\t\t\t<\/div>\n\t\t<\/section>\n\t\t\t\t<section class=\"elementor-section elementor-top-section elementor-element elementor-element-8062ddc elementor-section-boxed elementor-section-height-default elementor-section-height-default\" data-id=\"8062ddc\" data-element_type=\"section\">\n\t\t\t\t\t\t<div class=\"elementor-container elementor-column-gap-default\">\n\t\t\t\t\t<div class=\"elementor-column elementor-col-50 elementor-top-column elementor-element elementor-element-9bef69d\" data-id=\"9bef69d\" data-element_type=\"column\">\n\t\t\t<div class=\"elementor-widget-wrap elementor-element-populated\">\n\t\t\t\t\t\t\t\t<div class=\"elementor-element elementor-element-83daea1 elementor-widget elementor-widget-text-editor\" data-id=\"83daea1\" data-element_type=\"widget\" data-widget_type=\"text-editor.default\">\n\t\t\t\t<div class=\"elementor-widget-container\">\n\t\t\t\t\t\t\t<p>5.<\/p>\t\t\t\t\t\t<\/div>\n\t\t\t\t<\/div>\n\t\t\t\t\t<\/div>\n\t\t<\/div>\n\t\t\t\t<div class=\"elementor-column elementor-col-50 elementor-top-column elementor-element elementor-element-a8b5ab6\" data-id=\"a8b5ab6\" data-element_type=\"column\">\n\t\t\t<div class=\"elementor-widget-wrap elementor-element-populated\">\n\t\t\t\t\t\t\t\t<div class=\"elementor-element elementor-element-35389c3 elementor-widget elementor-widget-text-editor\" data-id=\"35389c3\" data-element_type=\"widget\" data-widget_type=\"text-editor.default\">\n\t\t\t\t<div class=\"elementor-widget-container\">\n\t\t\t\t\t\t\t<p><span style=\"font-family: 'Times New Roman', sans-serif; font-size: 16px; font-style: normal; font-variant-ligatures: normal; font-variant-caps: normal; font-weight: 400;\">Jathe, N.; Staar, B.; L\u00fctjen M.; Freitag, M.; (2024): Vision-Based Pallet Detection and Load Height Estimation for Autonomous Material Handling Systems. Pr\u00e4sentiert auf: 2024, Procedia CIRP, Elsevier. Accepted: in print.<\/span><\/p>\t\t\t\t\t\t<\/div>\n\t\t\t\t<\/div>\n\t\t\t\t\t<\/div>\n\t\t<\/div>\n\t\t\t\t\t\t\t<\/div>\n\t\t<\/section>\n\t\t\t\t\t\t<\/div>\n\t\t\t\t\t<\/div>\n\t\t","protected":false},"excerpt":{"rendered":"<p>\u00a0 Petzoldt, C.; L\u00fctjen, M.; Panter, L.; Niermann, D.; Vur, B.; Quandt, M.; Rolfs, L.; Arango Castellanos, J.; Jathe, N.; Boger, D.; et al. Operator 5.0: Intelligente Arbeitsergonomie Im Automobilumschlag &#8211; Konzept Zur Mensch-Technik-Interaktion Mit Autonomen Transportsystemen Und Sensorischen Exoskeletten. Zeitschrift f\u00fcr wirtschaftlichen Fabrikbetr. 2022, 117, https:\/\/doi.org\/10.1515\/zwf-2022-1125 2. Niermann, D.; Petzoldt, C.; Freitag, M. (2023): [&hellip;]<\/p>\n","protected":false},"author":2,"featured_media":0,"parent":0,"menu_order":0,"comment_status":"closed","ping_status":"closed","template":"","meta":{"footnotes":""},"class_list":["post-537","page","type-page","status-publish","hentry","entry"],"_links":{"self":[{"href":"https:\/\/www.mexot-projekt.de\/index.php?rest_route=\/wp\/v2\/pages\/537","targetHints":{"allow":["GET"]}}],"collection":[{"href":"https:\/\/www.mexot-projekt.de\/index.php?rest_route=\/wp\/v2\/pages"}],"about":[{"href":"https:\/\/www.mexot-projekt.de\/index.php?rest_route=\/wp\/v2\/types\/page"}],"author":[{"embeddable":true,"href":"https:\/\/www.mexot-projekt.de\/index.php?rest_route=\/wp\/v2\/users\/2"}],"replies":[{"embeddable":true,"href":"https:\/\/www.mexot-projekt.de\/index.php?rest_route=%2Fwp%2Fv2%2Fcomments&post=537"}],"version-history":[{"count":52,"href":"https:\/\/www.mexot-projekt.de\/index.php?rest_route=\/wp\/v2\/pages\/537\/revisions"}],"predecessor-version":[{"id":1497,"href":"https:\/\/www.mexot-projekt.de\/index.php?rest_route=\/wp\/v2\/pages\/537\/revisions\/1497"}],"wp:attachment":[{"href":"https:\/\/www.mexot-projekt.de\/index.php?rest_route=%2Fwp%2Fv2%2Fmedia&parent=537"}],"curies":[{"name":"wp","href":"https:\/\/api.w.org\/{rel}","templated":true}]}}